{"id":4167,"date":"2018-03-04T22:49:16","date_gmt":"2018-03-04T21:49:16","guid":{"rendered":"http:\/\/sfg-biasca.ch\/vivid\/?page_id=4167"},"modified":"2019-10-20T19:06:52","modified_gmt":"2019-10-20T18:06:52","slug":"un-altro-pianeta-il-musical","status":"publish","type":"page","link":"https:\/\/sfg-biasca.ch\/vivid\/?page_id=4167","title":{"rendered":"Un altro pianeta &#8211; il musical"},"content":{"rendered":"<p>venerd\u00ec <strong>1 novembre 2019<\/strong>, inizio ore 20:00 &#8211; Palestra SPAI, Biasca<br \/>\nsabato <strong>2 novembre 2019<\/strong>, inizio ore 20:00 &#8211; Palestra SPAI, Biasca<br \/>\ndomenica <strong>3 novembre 2019<\/strong>, inizio ore 15:00 &#8211; Palestra SPAI, Biasca<\/p>\n<p>Compra i biglietti  a partire dal 2 settembre sul sito <strong>biglietteria.ch<\/strong><br \/>\nUlteriori informazioni all&#8217;indirizzo mail info@sfg-biasca.ch<\/p>\n<p>Dopo il successo della passata stagione torna la magia del musical &#8220;Un altro pianeta&#8221; con la regia di Christian Pezzatti, su musiche di Simone Menozzi e libretto di Luca Chieregato.<\/p>\n<p>Un viaggio immaginario verso nuovi mondi: la Terra ha esaurito le proprie risorse, un black-out permanente ha paralizzato l&#8217;Occidente e tutta la civilt\u00e0. Non resta che andarsene, cercando altrove la sopravvivenza. Quale mondo sognare? Quale pianeta sar\u00e0 in grado di accoglierci? Riusciremo, fuori dalla Terra, a cambiare il nostro modo di occupare la Natura o continueremo imperterriti nella nostra sete di conquista e di distruzione?<\/p>\n<p>Lo spettacolo si centra su questa domanda filosofica, su una questione sempre pi\u00f9 attuale, non soltanto legata alla sopravvivenza del nostro pianeta in termini ambientali, ma soprattutto sulla necessit\u00e0 di cambiare il nostro approccio verso le cose, verso gli altri, e dunque verso di noi. L&#8217;amore dove si \u00e8 nascosto? Chi sar\u00e0 capace di raccogliere il grido di dolore e di speranza che ogni giorno l&#8217;essere umano lancia verso le stelle? Forse i bambini, o gli animali, come in una moderna arca di No\u00e8, sapranno salvarci dal diluvio. Lo spettacolo \u00e8 una grande occasione poetica, nel suo alternarsi tra momenti di pura danza, acrobazia, ginnastica, emozione, teatro, racconto. I personaggi sono come figure simboliche, che provano a cimentarsi nel difficile ruolo del salvatore o della vittima o del carnefice. Scene di gruppo, portentose, si affiancheranno a momenti intimi di riflessione e di canto. Il musical \u00e8 diviso in due atti: nella prima parte, buio e cenere, si affronta il dramma di un pianeta in lacrime, a pezzi, incapace ormai di accogliere e di sostenere le persone e i loro diritti elementari; nella seconda parte, vento e luce, il mondo sogna un altro pianeta, ed ecco cos\u00ec scorrere i possibili scenari dove andare a rifondare una nuova civilt\u00e0, che sia in grado di rivoluzionare i propri valori al fine di garantire la sopravvivenza di ogni essere umano.<\/p>\n<p><em>Un sogno, un&#8217;utopia, un viaggio, una magia.<\/em><\/p>\n<p><a href=\"https:\/\/sfg-biasca.ch\/vivid\/wp-content\/uploads\/2019\/08\/A4_un-altro-pianeta-2019.jpg\" data-rel=\"lightbox-image-0\" data-rl_title=\"\" data-rl_caption=\"\" title=\"\"><img loading=\"lazy\" decoding=\"async\" src=\"https:\/\/sfg-biasca.ch\/vivid\/wp-content\/uploads\/2019\/08\/A4_un-altro-pianeta-2019.jpg\" alt=\"\" width=\"212\" height=\"300\" class=\"aligncenter size-medium wp-image-6274\" srcset=\"https:\/\/sfg-biasca.ch\/vivid\/wp-content\/uploads\/2019\/08\/A4_un-altro-pianeta-2019.jpg 2480w, https:\/\/sfg-biasca.ch\/vivid\/wp-content\/uploads\/2019\/08\/A4_un-altro-pianeta-2019-212x300.jpg 212w, https:\/\/sfg-biasca.ch\/vivid\/wp-content\/uploads\/2019\/08\/A4_un-altro-pianeta-2019-768x1086.jpg 768w, https:\/\/sfg-biasca.ch\/vivid\/wp-content\/uploads\/2019\/08\/A4_un-altro-pianeta-2019-724x1024.jpg 724w, https:\/\/sfg-biasca.ch\/vivid\/wp-content\/uploads\/2019\/08\/A4_un-altro-pianeta-2019-520x736.jpg 520w, https:\/\/sfg-biasca.ch\/vivid\/wp-content\/uploads\/2019\/08\/A4_un-altro-pianeta-2019-600x849.jpg 600w\" sizes=\"auto, (max-width: 212px) 100vw, 212px\" \/><\/a><\/p>\n<p><a href=\"https:\/\/sfg-biasca.ch\/vivid\/wp-content\/uploads\/2019\/10\/Musical_Biasca_0110.jpeg\" data-rel=\"lightbox-image-1\" data-rl_title=\"\" data-rl_caption=\"\" title=\"\"><img loading=\"lazy\" decoding=\"async\" src=\"https:\/\/sfg-biasca.ch\/vivid\/wp-content\/uploads\/2019\/10\/Musical_Biasca_0110-300x200.jpeg\" alt=\"\" width=\"300\" height=\"200\" class=\"aligncenter size-medium wp-image-6331\" srcset=\"https:\/\/sfg-biasca.ch\/vivid\/wp-content\/uploads\/2019\/10\/Musical_Biasca_0110-300x200.jpeg 300w, https:\/\/sfg-biasca.ch\/vivid\/wp-content\/uploads\/2019\/10\/Musical_Biasca_0110-768x512.jpeg 768w, https:\/\/sfg-biasca.ch\/vivid\/wp-content\/uploads\/2019\/10\/Musical_Biasca_0110-1024x683.jpeg 1024w, https:\/\/sfg-biasca.ch\/vivid\/wp-content\/uploads\/2019\/10\/Musical_Biasca_0110-520x347.jpeg 520w, https:\/\/sfg-biasca.ch\/vivid\/wp-content\/uploads\/2019\/10\/Musical_Biasca_0110-600x400.jpeg 600w, https:\/\/sfg-biasca.ch\/vivid\/wp-content\/uploads\/2019\/10\/Musical_Biasca_0110.jpeg 1280w\" sizes=\"auto, (max-width: 300px) 100vw, 300px\" \/><\/a><\/p>\n<p><a href=\"https:\/\/sfg-biasca.ch\/vivid\/wp-content\/uploads\/2019\/10\/Musical_Biasca_0129.jpeg\" data-rel=\"lightbox-image-2\" data-rl_title=\"\" data-rl_caption=\"\" title=\"\"><img loading=\"lazy\" decoding=\"async\" src=\"https:\/\/sfg-biasca.ch\/vivid\/wp-content\/uploads\/2019\/10\/Musical_Biasca_0129-300x200.jpeg\" alt=\"\" width=\"300\" height=\"200\" class=\"aligncenter size-medium wp-image-6332\" srcset=\"https:\/\/sfg-biasca.ch\/vivid\/wp-content\/uploads\/2019\/10\/Musical_Biasca_0129-300x200.jpeg 300w, https:\/\/sfg-biasca.ch\/vivid\/wp-content\/uploads\/2019\/10\/Musical_Biasca_0129-768x512.jpeg 768w, https:\/\/sfg-biasca.ch\/vivid\/wp-content\/uploads\/2019\/10\/Musical_Biasca_0129-1024x682.jpeg 1024w, https:\/\/sfg-biasca.ch\/vivid\/wp-content\/uploads\/2019\/10\/Musical_Biasca_0129-520x347.jpeg 520w, https:\/\/sfg-biasca.ch\/vivid\/wp-content\/uploads\/2019\/10\/Musical_Biasca_0129-600x400.jpeg 600w, https:\/\/sfg-biasca.ch\/vivid\/wp-content\/uploads\/2019\/10\/Musical_Biasca_0129.jpeg 1280w\" sizes=\"auto, (max-width: 300px) 100vw, 300px\" \/><\/a><\/p>\n<p><a href=\"https:\/\/sfg-biasca.ch\/vivid\/wp-content\/uploads\/2019\/10\/Musical_Biasca_0191.jpeg\" data-rel=\"lightbox-image-3\" data-rl_title=\"\" data-rl_caption=\"\" title=\"\"><img loading=\"lazy\" decoding=\"async\" src=\"https:\/\/sfg-biasca.ch\/vivid\/wp-content\/uploads\/2019\/10\/Musical_Biasca_0191-300x200.jpeg\" alt=\"\" width=\"300\" height=\"200\" class=\"aligncenter size-medium wp-image-6333\" srcset=\"https:\/\/sfg-biasca.ch\/vivid\/wp-content\/uploads\/2019\/10\/Musical_Biasca_0191-300x200.jpeg 300w, https:\/\/sfg-biasca.ch\/vivid\/wp-content\/uploads\/2019\/10\/Musical_Biasca_0191-768x512.jpeg 768w, https:\/\/sfg-biasca.ch\/vivid\/wp-content\/uploads\/2019\/10\/Musical_Biasca_0191-1024x683.jpeg 1024w, https:\/\/sfg-biasca.ch\/vivid\/wp-content\/uploads\/2019\/10\/Musical_Biasca_0191-520x347.jpeg 520w, https:\/\/sfg-biasca.ch\/vivid\/wp-content\/uploads\/2019\/10\/Musical_Biasca_0191-600x400.jpeg 600w, https:\/\/sfg-biasca.ch\/vivid\/wp-content\/uploads\/2019\/10\/Musical_Biasca_0191.jpeg 1280w\" sizes=\"auto, (max-width: 300px) 100vw, 300px\" \/><\/a><\/p>\n<p><a href=\"https:\/\/sfg-biasca.ch\/vivid\/wp-content\/uploads\/2019\/10\/Musical_Biasca_0211.jpg\" data-rel=\"lightbox-image-4\" data-rl_title=\"\" data-rl_caption=\"\" title=\"\"><img loading=\"lazy\" decoding=\"async\" src=\"https:\/\/sfg-biasca.ch\/vivid\/wp-content\/uploads\/2019\/10\/Musical_Biasca_0211-300x200.jpg\" alt=\"\" width=\"300\" height=\"200\" class=\"aligncenter size-medium wp-image-6334\" srcset=\"https:\/\/sfg-biasca.ch\/vivid\/wp-content\/uploads\/2019\/10\/Musical_Biasca_0211-300x200.jpg 300w, https:\/\/sfg-biasca.ch\/vivid\/wp-content\/uploads\/2019\/10\/Musical_Biasca_0211-768x512.jpg 768w, https:\/\/sfg-biasca.ch\/vivid\/wp-content\/uploads\/2019\/10\/Musical_Biasca_0211-1024x682.jpg 1024w, https:\/\/sfg-biasca.ch\/vivid\/wp-content\/uploads\/2019\/10\/Musical_Biasca_0211-520x347.jpg 520w, https:\/\/sfg-biasca.ch\/vivid\/wp-content\/uploads\/2019\/10\/Musical_Biasca_0211-600x400.jpg 600w, https:\/\/sfg-biasca.ch\/vivid\/wp-content\/uploads\/2019\/10\/Musical_Biasca_0211.jpg 1280w\" sizes=\"auto, (max-width: 300px) 100vw, 300px\" \/><\/a><\/p>\n<p><a href=\"https:\/\/www.youtube.com\/watch?v=twQBiIOwYyQ\" rel=\"noopener\" target=\"_blank\"><strong>Guarda il trailer<\/strong><br \/>\n<a href=\"https:\/\/www.youtube.com\/watch?v=twQBiIOwYyQ\" rel=\"noopener\" target=\"_blank\"><img decoding=\"async\" src=\"https:\/\/sfg-biasca.ch\/vivid\/wp-content\/uploads\/2018\/05\/YBunaltropianeta.png\" alt=\"\" width=\"450\" height=\"\" class=\"aligncenter size-full wp-image-4839\" srcset=\"https:\/\/sfg-biasca.ch\/vivid\/wp-content\/uploads\/2018\/05\/YBunaltropianeta.png 1278w, https:\/\/sfg-biasca.ch\/vivid\/wp-content\/uploads\/2018\/05\/YBunaltropianeta-600x339.png 600w, https:\/\/sfg-biasca.ch\/vivid\/wp-content\/uploads\/2018\/05\/YBunaltropianeta-300x169.png 300w, https:\/\/sfg-biasca.ch\/vivid\/wp-content\/uploads\/2018\/05\/YBunaltropianeta-768x434.png 768w, https:\/\/sfg-biasca.ch\/vivid\/wp-content\/uploads\/2018\/05\/YBunaltropianeta-1024x579.png 1024w, https:\/\/sfg-biasca.ch\/vivid\/wp-content\/uploads\/2018\/05\/YBunaltropianeta-520x294.png 520w\" sizes=\"(max-width: 1278px) 100vw, 1278px\" \/><\/a><\/p>\n","protected":false},"excerpt":{"rendered":"<p>venerd\u00ec 1 novembre 2019, inizio ore 20:00 &#8211; Palestra SPAI, Biasca sabato 2 novembre 2019, inizio ore 20:00 &#8211; Palestra SPAI, Biasca domenica 3 novembre 2019, inizio ore 15:00 &#8211; Palestra SPAI, Biasca Compra i biglietti a partire dal 2 settembre sul sito biglietteria.ch Ulteriori informazioni all&#8217;indirizzo mail info@sfg-biasca.ch Dopo il successo della passata stagione torna la magia del musical &#8220;Un altro pianeta&#8221; con la regia di Christian Pezzatti, su&#46;&#46;&#46;<\/p>\n","protected":false},"author":10,"featured_media":0,"parent":0,"menu_order":0,"comment_status":"closed","ping_status":"closed","template":"","meta":{"footnotes":""},"class_list":["post-4167","page","type-page","status-publish","hentry"],"_links":{"self":[{"href":"https:\/\/sfg-biasca.ch\/vivid\/index.php?rest_route=\/wp\/v2\/pages\/4167","targetHints":{"allow":["GET"]}}],"collection":[{"href":"https:\/\/sfg-biasca.ch\/vivid\/index.php?rest_route=\/wp\/v2\/pages"}],"about":[{"href":"https:\/\/sfg-biasca.ch\/vivid\/index.php?rest_route=\/wp\/v2\/types\/page"}],"author":[{"embeddable":true,"href":"https:\/\/sfg-biasca.ch\/vivid\/index.php?rest_route=\/wp\/v2\/users\/10"}],"replies":[{"embeddable":true,"href":"https:\/\/sfg-biasca.ch\/vivid\/index.php?rest_route=%2Fwp%2Fv2%2Fcomments&post=4167"}],"version-history":[{"count":32,"href":"https:\/\/sfg-biasca.ch\/vivid\/index.php?rest_route=\/wp\/v2\/pages\/4167\/revisions"}],"predecessor-version":[{"id":6335,"href":"https:\/\/sfg-biasca.ch\/vivid\/index.php?rest_route=\/wp\/v2\/pages\/4167\/revisions\/6335"}],"wp:attachment":[{"href":"https:\/\/sfg-biasca.ch\/vivid\/index.php?rest_route=%2Fwp%2Fv2%2Fmedia&parent=4167"}],"curies":[{"name":"wp","href":"https:\/\/api.w.org\/{rel}","templated":true}]}}