{"id":5101,"date":"2018-10-09T12:07:00","date_gmt":"2018-10-09T11:07:00","guid":{"rendered":"http:\/\/sfg-biasca.ch\/vivid\/?page_id=5101"},"modified":"2018-10-24T21:35:09","modified_gmt":"2018-10-24T20:35:09","slug":"willkommen","status":"publish","type":"page","link":"https:\/\/sfg-biasca.ch\/vivid\/?page_id=5101","title":{"rendered":"Willkommen"},"content":{"rendered":"<table>\n<tr>\n<td valign=\"top\"><a href='https:\/\/sfg-biasca.ch\/vivid\/?page_id=4151'><strong>BENVENUTI<\/strong><\/a><\/p>\n<p align=\"center\">I migliori interpreti della ginnastica attrezzistica nazionale si contendono il titolo di campione svizzero a livello individuale e a squadre. Il weekend di gara vedr\u00e0 impegnati i ginnasti nelle diverse categorie. Una bella occasione per ammirare quanto di meglio pu\u00f2 proporre la ginnastica attrezzistica maschile.<\/td>\n<\/p>\n<p><\/a> <\/p>\n<td valign=\"top\"><a href='https:\/\/sfg-biasca.ch\/vivid\/?page_id=5101'><strong>WILLKOMMEN<\/strong><\/a><\/p>\n<p align=\"center color='red'\">Die besten Ger\u00e4teturner der Schweiz k\u00e4mpfen f\u00fcr den Titel der Schweizermeister im Einzeln- und Mannschafts- turnen. Am Turnier- wochenende k\u00e4mpfen die Turner in den verschiedenen Kategorien. Eine gute Gelegenheit um das K\u00f6nnen der M\u00e4nner im Ger\u00e4teturnen zu bewundern.<\/td>\n<p><\/a><\/p>\n<td valign=\"top\"><a href='https:\/\/sfg-biasca.ch\/vivid\/?page_id=5099'><strong>BIENVENUE<\/strong><\/a><\/p>\n<p align=\"center\"> Les meilleurs interpr\u00e8tes de la gymnastique nationale se disputent le titre de champion suisse individuellement et par \u00e9quipe. Pendant le week-end les gymnastes se confronterons dans les diff\u00e9rentes cat\u00e9gories. Une belle occasion d\u2019admirer le mieux de la gymnastique aux agr\u00e8s masculine.<\/td>\n<\/tr>\n<p><\/a><\/p>\n<\/table>\n<p>&nbsp;<br \/>\n<a href=\"https:\/\/sfg-biasca.ch\/vivid\/wp-content\/uploads\/2018\/10\/didiercs.png\" data-rel=\"lightbox-image-0\" data-rl_title=\"\" data-rl_caption=\"\" title=\"\"><img decoding=\"async\" src=\"https:\/\/sfg-biasca.ch\/vivid\/wp-content\/uploads\/2018\/10\/didiercs.png\" alt=\"\" width=\"350\" height=\"\" class=\"aligncenter size-full wp-image-5303\" srcset=\"https:\/\/sfg-biasca.ch\/vivid\/wp-content\/uploads\/2018\/10\/didiercs.png 1056w, https:\/\/sfg-biasca.ch\/vivid\/wp-content\/uploads\/2018\/10\/didiercs-600x486.png 600w, https:\/\/sfg-biasca.ch\/vivid\/wp-content\/uploads\/2018\/10\/didiercs-300x243.png 300w, https:\/\/sfg-biasca.ch\/vivid\/wp-content\/uploads\/2018\/10\/didiercs-768x623.png 768w, https:\/\/sfg-biasca.ch\/vivid\/wp-content\/uploads\/2018\/10\/didiercs-1024x830.png 1024w, https:\/\/sfg-biasca.ch\/vivid\/wp-content\/uploads\/2018\/10\/didiercs-520x422.png 520w\" sizes=\"(max-width: 1056px) 100vw, 1056px\" \/><\/a><\/p>\n<p><center><\/p>\n<table>\n<tr>\n<td valign=\"center\" bgcolor=\"#fff\">\n<a href=\"https:\/\/www.cornercard.ch\" target=\"_blank\"><br \/>\n<img loading=\"lazy\" decoding=\"async\" src=\"https:\/\/sfg-biasca.ch\/vivid\/wp-content\/uploads\/2018\/10\/corner_g.png\" height=\"100\" width=\"130\"\nonmouseover=\"this.src='https:\/\/sfg-biasca.ch\/vivid\/wp-content\/uploads\/2018\/10\/corner.png'\"\nonmouseout=\"this.src='https:\/\/sfg-biasca.ch\/vivid\/wp-content\/uploads\/2018\/10\/corner_g.png'\"><\/a><\/td>\n<td valign=\"center\" bgcolor=\"#fff\">\n<a href=\"https:\/\/www.asics.com\/de\/de-de\/\" target=\"_blank\"><br \/>\n<img loading=\"lazy\" decoding=\"async\" src=\"https:\/\/sfg-biasca.ch\/vivid\/wp-content\/uploads\/2018\/10\/asics_g.png\" height=\"80\" width=\"100\"\nonmouseover=\"this.src='https:\/\/sfg-biasca.ch\/vivid\/wp-content\/uploads\/2018\/10\/asics.png'\"\nonmouseout=\"this.src='https:\/\/sfg-biasca.ch\/vivid\/wp-content\/uploads\/2018\/10\/asics_g.png'\"><\/a><\/td>\n<td valign=\"center\" bgcolor=\"#fff\">\n<a href=\"https:\/\/www.swica.ch\/de-ch\/partner\/ps-stv\/stv\/swica-vorteile\" target=\"_blank\"><br \/>\n<img loading=\"lazy\" decoding=\"async\" src=\"https:\/\/sfg-biasca.ch\/vivid\/wp-content\/uploads\/2018\/10\/swica_g.png\" height=\"80\" width=\"100\"\nonmouseover=\"this.src='https:\/\/sfg-biasca.ch\/vivid\/wp-content\/uploads\/2018\/10\/swica.png'\"\nonmouseout=\"this.src='https:\/\/sfg-biasca.ch\/vivid\/wp-content\/uploads\/2018\/10\/swica_g.png'\"><\/a><\/td>\n<\/tr>\n<tr>\n<td valign=\"top\" bgcolor=\"#fff\">\n<a href=\"http:\/\/www.rsi.ch\/\" target=\"_blank\"><img loading=\"lazy\" decoding=\"async\" src=\"https:\/\/sfg-biasca.ch\/vivid\/wp-content\/uploads\/2018\/10\/rete-tre-2.png\" height=\"100\" width=\"91\"\nonmouseover=\"this.src='https:\/\/sfg-biasca.ch\/vivid\/wp-content\/uploads\/2018\/10\/rete-tre.png'\"\nonmouseout=\"this.src='https:\/\/sfg-biasca.ch\/vivid\/wp-content\/uploads\/2018\/10\/rete-tre-2.png'\"><\/a><\/td>\n<td valign=\"top\" bgcolor=\"#fff\">\n<a href=\"http:\/\/www.gymnova.com\/\" target=\"_blank\"><img loading=\"lazy\" decoding=\"async\" src=\"https:\/\/sfg-biasca.ch\/vivid\/wp-content\/uploads\/2018\/10\/gymnova_g.png\" height=\"45\" width=\"130\"\nonmouseover=\"this.src='https:\/\/sfg-biasca.ch\/vivid\/wp-content\/uploads\/2018\/10\/gymnova.png'\"\nonmouseout=\"this.src='https:\/\/sfg-biasca.ch\/vivid\/wp-content\/uploads\/2018\/10\/gymnova_g.png'\"><\/a><\/td>\n<td valign=\"top\" bgcolor=\"#fff\">\n<a href=\"http:\/\/www.ennioferrari.ch\/\" target=\"_blank\"><img loading=\"lazy\" decoding=\"async\" src=\"https:\/\/sfg-biasca.ch\/vivid\/wp-content\/uploads\/2018\/10\/Ennio-ferrari_g.png\" height=\"80\" width=\"100\"\nonmouseover=\"this.src='https:\/\/sfg-biasca.ch\/vivid\/wp-content\/uploads\/2018\/10\/Ennio-ferrari.png'\"\nonmouseout=\"this.src='https:\/\/sfg-biasca.ch\/vivid\/wp-content\/uploads\/2018\/10\/Ennio-ferrari_g.png'\"><\/a><\/td>\n<\/tr>\n<tr>\n<td valign=\"top\" bgcolor=\"#fff\">\n<a href=\"http:\/\/chiccodoro.com\/lang-it\/\" target=\"_blank\"><img loading=\"lazy\" decoding=\"async\" src=\"https:\/\/sfg-biasca.ch\/vivid\/wp-content\/uploads\/2018\/10\/chiccodoro_g.png\" height=\"100\" width=\"120\"\nonmouseover=\"this.src='https:\/\/sfg-biasca.ch\/vivid\/wp-content\/uploads\/2018\/10\/chiccodoro.png'\"\nonmouseout=\"this.src='https:\/\/sfg-biasca.ch\/vivid\/wp-content\/uploads\/2018\/10\/chiccodoro_g.png'\"><\/a><\/td>\n<td valign=\"center\" bgcolor=\"#fff\">\n<a href=\"http:\/\/www.biasca.ch\/\" target=\"_blank\"><img loading=\"lazy\" decoding=\"async\" src=\"https:\/\/sfg-biasca.ch\/vivid\/wp-content\/uploads\/2018\/10\/biasca_g.png\" height=\"80\" width=\"120\"\nonmouseover=\"this.src='https:\/\/sfg-biasca.ch\/vivid\/wp-content\/uploads\/2018\/10\/biasca.png'\"\nonmouseout=\"this.src='https:\/\/sfg-biasca.ch\/vivid\/wp-content\/uploads\/2018\/10\/biasca_g.png'\"><\/td>\n<p><\/a><\/p>\n<td valign=\"center\" bgcolor=\"#fff\">\n<a href=\"https:\/\/www.millenniumsport.ch\" target=\"_blank\"><img loading=\"lazy\" decoding=\"async\" src=\"https:\/\/sfg-biasca.ch\/vivid\/wp-content\/uploads\/2018\/10\/millennium-2.png\" height=\"70\" width=\"90\"\nonmouseover=\"this.src='https:\/\/sfg-biasca.ch\/vivid\/wp-content\/uploads\/2018\/10\/millennium.png'\"\nonmouseout=\"this.src='https:\/\/sfg-biasca.ch\/vivid\/wp-content\/uploads\/2018\/10\/millennium-2.png'\"><\/td>\n<\/tr>\n<p><\/a><\/p>\n<tr>\n<td valign=\"center\" bgcolor=\"#fff\">\n<a href=\"https:\/\/www.helsinn.com\" target=\"_blank\"><img loading=\"lazy\" decoding=\"async\" src=\"https:\/\/sfg-biasca.ch\/vivid\/wp-content\/uploads\/2018\/10\/helsinn-2.png\" height=\"110\" width=\"130\"\nonmouseover=\"this.src='https:\/\/sfg-biasca.ch\/vivid\/wp-content\/uploads\/2018\/10\/helsinn.png'\"\nonmouseout=\"this.src='https:\/\/sfg-biasca.ch\/vivid\/wp-content\/uploads\/2018\/10\/helsinn-2.png'\"><\/a><\/td>\n<td valign=\"center\" bgcolor=\"#fff\">\n<a href=\"https:\/\" target=\"_blank\"><img loading=\"lazy\" decoding=\"async\" src=\"https:\/\/sfg-biasca.ch\/vivid\/wp-content\/uploads\/2018\/10\/100small_g.png\" height=\"80\" width=\"100\"\nonmouseover=\"this.src='https:\/\/sfg-biasca.ch\/vivid\/wp-content\/uploads\/2018\/10\/100small.png'\"\nonmouseout=\"this.src='https:\/\/sfg-biasca.ch\/vivid\/wp-content\/uploads\/2018\/10\/100small_g.png'\"><\/a><\/td>\n<td valign=\"center\" bgcolor=\"#fff\">\n<a href=\"https:\/\/www.bancastato.ch\" target=\"_blank\"><img loading=\"lazy\" decoding=\"async\" src=\"https:\/\/sfg-biasca.ch\/vivid\/wp-content\/uploads\/2018\/10\/bancastato_g.png\" height=\"100\" width=\"130\"\nonmouseover=\"this.src='https:\/\/sfg-biasca.ch\/vivid\/wp-content\/uploads\/2018\/10\/bancastato.png'\"\nonmouseout=\"this.src='https:\/\/sfg-biasca.ch\/vivid\/wp-content\/uploads\/2018\/10\/bancastato_g.png'\"><\/a><\/td>\n<\/p>\n<\/table>\n<p><\/center><\/p>\n","protected":false},"excerpt":{"rendered":"<p>BENVENUTI I migliori interpreti della ginnastica attrezzistica nazionale si contendono il titolo di campione svizzero a livello individuale e a squadre. Il weekend di gara vedr\u00e0 impegnati i ginnasti nelle diverse categorie. Una bella occasione per ammirare quanto di meglio pu\u00f2 proporre la ginnastica attrezzistica maschile. WILLKOMMEN Die besten Ger\u00e4teturner der Schweiz k\u00e4mpfen f\u00fcr den Titel der Schweizermeister im Einzeln- und Mannschafts- turnen. Am Turnier- wochenende k\u00e4mpfen die Turner in&#46;&#46;&#46;<\/p>\n","protected":false},"author":10,"featured_media":0,"parent":0,"menu_order":0,"comment_status":"closed","ping_status":"closed","template":"","meta":{"footnotes":""},"class_list":["post-5101","page","type-page","status-publish","hentry"],"_links":{"self":[{"href":"https:\/\/sfg-biasca.ch\/vivid\/index.php?rest_route=\/wp\/v2\/pages\/5101","targetHints":{"allow":["GET"]}}],"collection":[{"href":"https:\/\/sfg-biasca.ch\/vivid\/index.php?rest_route=\/wp\/v2\/pages"}],"about":[{"href":"https:\/\/sfg-biasca.ch\/vivid\/index.php?rest_route=\/wp\/v2\/types\/page"}],"author":[{"embeddable":true,"href":"https:\/\/sfg-biasca.ch\/vivid\/index.php?rest_route=\/wp\/v2\/users\/10"}],"replies":[{"embeddable":true,"href":"https:\/\/sfg-biasca.ch\/vivid\/index.php?rest_route=%2Fwp%2Fv2%2Fcomments&post=5101"}],"version-history":[{"count":6,"href":"https:\/\/sfg-biasca.ch\/vivid\/index.php?rest_route=\/wp\/v2\/pages\/5101\/revisions"}],"predecessor-version":[{"id":5613,"href":"https:\/\/sfg-biasca.ch\/vivid\/index.php?rest_route=\/wp\/v2\/pages\/5101\/revisions\/5613"}],"wp:attachment":[{"href":"https:\/\/sfg-biasca.ch\/vivid\/index.php?rest_route=%2Fwp%2Fv2%2Fmedia&parent=5101"}],"curies":[{"name":"wp","href":"https:\/\/api.w.org\/{rel}","templated":true}]}}